{"id":17,"date":"2024-01-09T10:07:56","date_gmt":"2024-01-09T10:07:56","guid":{"rendered":"https:\/\/nas.juliahardmeier.com\/?page_id=17"},"modified":"2025-10-21T11:47:03","modified_gmt":"2025-10-21T11:47:03","slug":"angebote","status":"publish","type":"page","link":"https:\/\/juliahardmeier.com\/?page_id=17","title":{"rendered":"Angebote"},"content":{"rendered":"\n<div class=\"wp-block-media-text is-stacked-on-mobile\"><figure class=\"wp-block-media-text__media\"><img loading=\"lazy\" decoding=\"async\" width=\"1024\" height=\"681\" src=\"https:\/\/nas.juliahardmeier.com\/wp-content\/uploads\/2024\/01\/pexels-brett-sayles-4734933-1024x681.jpg\" alt=\"\" class=\"wp-image-41 size-full\" srcset=\"https:\/\/juliahardmeier.com\/wp-content\/uploads\/2024\/01\/pexels-brett-sayles-4734933-1024x681.jpg 1024w, https:\/\/juliahardmeier.com\/wp-content\/uploads\/2024\/01\/pexels-brett-sayles-4734933-300x200.jpg 300w, https:\/\/juliahardmeier.com\/wp-content\/uploads\/2024\/01\/pexels-brett-sayles-4734933-768x511.jpg 768w, https:\/\/juliahardmeier.com\/wp-content\/uploads\/2024\/01\/pexels-brett-sayles-4734933-1536x1022.jpg 1536w, https:\/\/juliahardmeier.com\/wp-content\/uploads\/2024\/01\/pexels-brett-sayles-4734933-2048x1363.jpg 2048w, https:\/\/juliahardmeier.com\/wp-content\/uploads\/2024\/01\/pexels-brett-sayles-4734933-1568x1043.jpg 1568w\" sizes=\"auto, (max-width: 1024px) 100vw, 1024px\" \/><\/figure><div class=\"wp-block-media-text__content\">\n<h4 class=\"wp-block-heading\">Einzelberatung<\/h4>\n\n\n\n<p>In einem klassischen, beraterisch-therapeutischen Kontext wir tauschen uns \u00fcber deine Themen aus. In deinem Tempo, entsprechend deiner Bed\u00fcrfnisse. <\/p>\n\n\n\n<div class=\"wp-block-buttons is-layout-flex wp-block-buttons-is-layout-flex\">\n<div class=\"wp-block-button\"><a class=\"wp-block-button__link wp-element-button\" href=\"https:\/\/nas.juliahardmeier.com\/?page_id=19\">Buche jetzt einen Termin<\/a><\/div>\n<\/div>\n<\/div><\/div>\n\n\n\n<div class=\"wp-block-media-text has-media-on-the-right is-stacked-on-mobile\"><div class=\"wp-block-media-text__content\">\n<h4 class=\"wp-block-heading\">Abkl\u00e4rungen<\/h4>\n\n\n\n<p>Ich bin ausgebildete Psychologin mit Erfahrung in der Arbeit mit Menschen, die station\u00e4r behandelt werden. Zudem befinde ich mich in Weiterbildung zur Psychotherapeutin. Wenn du dich gerade psychisch belastet f\u00fchlst und unsicher bist, ob bei dir die Diagnosekriterien f\u00fcr die eine oder andere psychische St\u00f6rung zutreffen,&nbsp; kann dir mit einer umfassenden Abkl\u00e4rung und Weiterempfehlung helfen. Selbstverst\u00e4ndlich absolut vertraulich.&nbsp; <\/p>\n\n\n\n<div class=\"wp-block-buttons is-layout-flex wp-block-buttons-is-layout-flex\">\n<div class=\"wp-block-button\"><a class=\"wp-block-button__link wp-element-button\" href=\"https:\/\/nas.juliahardmeier.com\/?page_id=19\">Melde dich f\u00fcr eine Abkl\u00e4rung an<\/a><\/div>\n<\/div>\n<\/div><figure class=\"wp-block-media-text__media\"><img loading=\"lazy\" decoding=\"async\" width=\"1024\" height=\"683\" src=\"https:\/\/nas.juliahardmeier.com\/wp-content\/uploads\/2024\/01\/pexels-david-alberto-carmona-coto-1151418-1024x683.jpg\" alt=\"\" class=\"wp-image-47 size-full\" srcset=\"https:\/\/juliahardmeier.com\/wp-content\/uploads\/2024\/01\/pexels-david-alberto-carmona-coto-1151418-1024x683.jpg 1024w, https:\/\/juliahardmeier.com\/wp-content\/uploads\/2024\/01\/pexels-david-alberto-carmona-coto-1151418-300x200.jpg 300w, https:\/\/juliahardmeier.com\/wp-content\/uploads\/2024\/01\/pexels-david-alberto-carmona-coto-1151418-768x512.jpg 768w, https:\/\/juliahardmeier.com\/wp-content\/uploads\/2024\/01\/pexels-david-alberto-carmona-coto-1151418-1536x1024.jpg 1536w, https:\/\/juliahardmeier.com\/wp-content\/uploads\/2024\/01\/pexels-david-alberto-carmona-coto-1151418-2048x1365.jpg 2048w, https:\/\/juliahardmeier.com\/wp-content\/uploads\/2024\/01\/pexels-david-alberto-carmona-coto-1151418-1568x1045.jpg 1568w\" sizes=\"auto, (max-width: 1024px) 100vw, 1024px\" \/><\/figure><\/div>\n\n\n\n<div class=\"wp-block-media-text is-stacked-on-mobile\"><figure class=\"wp-block-media-text__media\"><img loading=\"lazy\" decoding=\"async\" width=\"683\" height=\"1024\" src=\"https:\/\/nas.juliahardmeier.com\/wp-content\/uploads\/2024\/01\/pexels-karolina-grabowska-4207909-683x1024.jpg\" alt=\"\" class=\"wp-image-45 size-full\" srcset=\"https:\/\/juliahardmeier.com\/wp-content\/uploads\/2024\/01\/pexels-karolina-grabowska-4207909-683x1024.jpg 683w, https:\/\/juliahardmeier.com\/wp-content\/uploads\/2024\/01\/pexels-karolina-grabowska-4207909-200x300.jpg 200w, https:\/\/juliahardmeier.com\/wp-content\/uploads\/2024\/01\/pexels-karolina-grabowska-4207909-768x1152.jpg 768w, https:\/\/juliahardmeier.com\/wp-content\/uploads\/2024\/01\/pexels-karolina-grabowska-4207909-1024x1536.jpg 1024w, https:\/\/juliahardmeier.com\/wp-content\/uploads\/2024\/01\/pexels-karolina-grabowska-4207909-1365x2048.jpg 1365w, https:\/\/juliahardmeier.com\/wp-content\/uploads\/2024\/01\/pexels-karolina-grabowska-4207909-1568x2352.jpg 1568w, https:\/\/juliahardmeier.com\/wp-content\/uploads\/2024\/01\/pexels-karolina-grabowska-4207909-scaled.jpg 1707w\" sizes=\"auto, (max-width: 683px) 100vw, 683px\" \/><\/figure><div class=\"wp-block-media-text__content\">\n<h4 class=\"wp-block-heading\">Workshops<\/h4>\n\n\n\n<p>Ich glaube an die Kraft der Gemeinschaft. Wir sind\u00a0<strong>eigentlich<\/strong>\u00a0nicht alleine; sind nicht dazu geschaffen, alleine zu sein und wir sollten auch nicht versuchen, unser seelisches Wohlergehen alleine zu erreichen. Deshalb biete ich Workshops zu unterschiedlichen Themen an. Sie versorgen dich einerseits mit fundiertem Wissen, andererseits erlebst du bei gemeinsamem \u00dcben in der Kraft der Gemeinschaft,\u00a0 wie dieses Wissen vom Kopf in den K\u00f6rper transportiert wird. Somit kehrst du gewappnet in deinen Alltag zur\u00fcck. Dieses Angebot darf auch von Gemeinden gebucht werden. <\/p>\n\n\n\n<div class=\"wp-block-buttons is-layout-flex wp-block-buttons-is-layout-flex\">\n<div class=\"wp-block-button\"><a class=\"wp-block-button__link wp-element-button\" href=\"https:\/\/nas.juliahardmeier.com\/?page_id=49\">Weitere Informationen<\/a><\/div>\n<\/div>\n<\/div><\/div>\n","protected":false},"excerpt":{"rendered":"","protected":false},"author":1,"featured_media":0,"parent":0,"menu_order":0,"comment_status":"closed","ping_status":"closed","template":"","meta":{"footnotes":""},"class_list":["post-17","page","type-page","status-publish","hentry","entry"],"_links":{"self":[{"href":"https:\/\/juliahardmeier.com\/index.php?rest_route=\/wp\/v2\/pages\/17","targetHints":{"allow":["GET"]}}],"collection":[{"href":"https:\/\/juliahardmeier.com\/index.php?rest_route=\/wp\/v2\/pages"}],"about":[{"href":"https:\/\/juliahardmeier.com\/index.php?rest_route=\/wp\/v2\/types\/page"}],"author":[{"embeddable":true,"href":"https:\/\/juliahardmeier.com\/index.php?rest_route=\/wp\/v2\/users\/1"}],"replies":[{"embeddable":true,"href":"https:\/\/juliahardmeier.com\/index.php?rest_route=%2Fwp%2Fv2%2Fcomments&post=17"}],"version-history":[{"count":6,"href":"https:\/\/juliahardmeier.com\/index.php?rest_route=\/wp\/v2\/pages\/17\/revisions"}],"predecessor-version":[{"id":102,"href":"https:\/\/juliahardmeier.com\/index.php?rest_route=\/wp\/v2\/pages\/17\/revisions\/102"}],"wp:attachment":[{"href":"https:\/\/juliahardmeier.com\/index.php?rest_route=%2Fwp%2Fv2%2Fmedia&parent=17"}],"curies":[{"name":"wp","href":"https:\/\/api.w.org\/{rel}","templated":true}]}}