{"id":49,"date":"2024-01-09T12:05:21","date_gmt":"2024-01-09T12:05:21","guid":{"rendered":"https:\/\/nas.juliahardmeier.com\/?page_id=49"},"modified":"2024-01-25T09:49:12","modified_gmt":"2024-01-25T09:49:12","slug":"workshops","status":"publish","type":"page","link":"https:\/\/juliahardmeier.com\/?page_id=49","title":{"rendered":"Workshops"},"content":{"rendered":"\n<p>Ich glaube an die Kraft der Gemeinschaft. Wir sind\u00a0<strong>eigentlich<\/strong>\u00a0nicht alleine, d.h wir sind nicht dazu geschaffen, alleine zu sein und wir sollten auch nicht versuchen, unser seelisches Wohlergehen alleine zu erreichen. Deshalb biete ich Workshops zu unterschiedlichen Themen an. <\/p>\n\n\n\n<p>Folgendes kannst du\/kann deine Gemeinde oder Gruppe von einem Workshop von mir erwarten<\/p>\n\n\n\n<ul class=\"wp-block-list\">\n<li>Empirisch (durch Forschung), biblisch und in der praxis fundierte <strong>Wissensvermittlung<\/strong>. Dies nennt man in der Fachsprache der Psychologie &#8220;Psychoedukation&#8221;. Z.B. an einem Workshop \u00fcber Depression kannst du erfahren welche genaue Kriterien f\u00fcr eine Depression es gibt, wie oft kommt das vor in der Gesellschaft, aber auch was diese St\u00f6rung von anderen unterscheidet. F\u00fcr Christen ist dazu noch die Frage oft sehr relevant: Was sagt die Bibel dazu? Diesen Aspekt lege ich auch besonders grossen Wert. Wir behandeln ausf\u00fchrlich der biblische Aspekt z.B. einer Depression in diesen Workshops. <\/li>\n<\/ul>\n\n\n\n<div class=\"wp-block-columns is-layout-flex wp-container-core-columns-is-layout-28f84493 wp-block-columns-is-layout-flex\">\n<div class=\"wp-block-column is-layout-flow wp-block-column-is-layout-flow\" style=\"flex-basis:100%\">\n<figure class=\"wp-block-gallery has-nested-images columns-default is-cropped wp-block-gallery-1 is-layout-flex wp-block-gallery-is-layout-flex\">\n<figure class=\"wp-block-image size-large\"><img loading=\"lazy\" decoding=\"async\" width=\"1024\" height=\"768\" data-id=\"61\" src=\"https:\/\/nas.juliahardmeier.com\/wp-content\/uploads\/2024\/01\/workshop-1024.jpg\" alt=\"\" class=\"wp-image-61\" srcset=\"https:\/\/juliahardmeier.com\/wp-content\/uploads\/2024\/01\/workshop-1024.jpg 1024w, https:\/\/juliahardmeier.com\/wp-content\/uploads\/2024\/01\/workshop-1024-300x225.jpg 300w, https:\/\/juliahardmeier.com\/wp-content\/uploads\/2024\/01\/workshop-1024-768x576.jpg 768w\" sizes=\"auto, (max-width: 1024px) 100vw, 1024px\" \/><\/figure>\n\n\n\n<figure class=\"wp-block-image size-large\"><img loading=\"lazy\" decoding=\"async\" width=\"1024\" height=\"683\" data-id=\"47\" src=\"https:\/\/nas.juliahardmeier.com\/wp-content\/uploads\/2024\/01\/pexels-david-alberto-carmona-coto-1151418-1024x683.jpg\" alt=\"\" class=\"wp-image-47\" srcset=\"https:\/\/juliahardmeier.com\/wp-content\/uploads\/2024\/01\/pexels-david-alberto-carmona-coto-1151418-1024x683.jpg 1024w, https:\/\/juliahardmeier.com\/wp-content\/uploads\/2024\/01\/pexels-david-alberto-carmona-coto-1151418-300x200.jpg 300w, https:\/\/juliahardmeier.com\/wp-content\/uploads\/2024\/01\/pexels-david-alberto-carmona-coto-1151418-768x512.jpg 768w, https:\/\/juliahardmeier.com\/wp-content\/uploads\/2024\/01\/pexels-david-alberto-carmona-coto-1151418-1536x1024.jpg 1536w, https:\/\/juliahardmeier.com\/wp-content\/uploads\/2024\/01\/pexels-david-alberto-carmona-coto-1151418-2048x1365.jpg 2048w, https:\/\/juliahardmeier.com\/wp-content\/uploads\/2024\/01\/pexels-david-alberto-carmona-coto-1151418-1568x1045.jpg 1568w\" sizes=\"auto, (max-width: 1024px) 100vw, 1024px\" \/><\/figure>\n\n\n\n<figure class=\"wp-block-image size-large\"><img loading=\"lazy\" decoding=\"async\" width=\"1024\" height=\"768\" data-id=\"42\" src=\"https:\/\/nas.juliahardmeier.com\/wp-content\/uploads\/2024\/01\/pexels-pixabay-161571-1024x768.jpg\" alt=\"\" class=\"wp-image-42\" srcset=\"https:\/\/juliahardmeier.com\/wp-content\/uploads\/2024\/01\/pexels-pixabay-161571-1024x768.jpg 1024w, https:\/\/juliahardmeier.com\/wp-content\/uploads\/2024\/01\/pexels-pixabay-161571-300x225.jpg 300w, https:\/\/juliahardmeier.com\/wp-content\/uploads\/2024\/01\/pexels-pixabay-161571-768x576.jpg 768w, https:\/\/juliahardmeier.com\/wp-content\/uploads\/2024\/01\/pexels-pixabay-161571-1536x1152.jpg 1536w, https:\/\/juliahardmeier.com\/wp-content\/uploads\/2024\/01\/pexels-pixabay-161571-2048x1536.jpg 2048w, https:\/\/juliahardmeier.com\/wp-content\/uploads\/2024\/01\/pexels-pixabay-161571-1568x1176.jpg 1568w\" sizes=\"auto, (max-width: 1024px) 100vw, 1024px\" \/><\/figure>\n<\/figure>\n<\/div>\n<\/div>\n\n\n\n<ul class=\"wp-block-list\">\n<li>irgendeiner Art <strong>K\u00f6rperarbeit <\/strong>in Gruppensetting. Verk\u00f6rpert leben ist mein Leitsatz (und im Fall auch Gottes, sehe Jesus Christus) also das Herzst\u00fcck des Workshops besteht in dem <strong>\u00dcben<\/strong>. Dies kann unterschiedlich aussehen, von einfachen Atem\u00fcbungen, \u00fcber Meditation oder Bewegung. Dies ist sehr wichtig f\u00fcr die Integration des Geh\u00f6rtem im K\u00f6rper, damit das Wissen nicht nur im Kopf bleibt sondern wirlich ein Unterschied in deinem Alltag machen kann!<\/li>\n\n\n\n<li>All das im <strong>sicheren Rahmen:<\/strong> Ich gew\u00e4hrleiste Sicherheit durch Vertraulichkeit (f\u00fcr alle Teilnehmenden), und durch das Halten von psychischen und spirituellen Rahmen des Workshops. Psychische und spirituelle &#8220;Erste Hilfe&#8221; ist immer vorhanden. <\/li>\n<\/ul>\n\n\n\n<p>Momentan arbeite ich an der Entwicklung von Workshops zu folgenden:<\/p>\n\n\n\n<ul class=\"wp-block-list\">\n<li>Depression aus biblischer Sicht<\/li>\n\n\n\n<li>Krisenintervention in Gemeindesetting<\/li>\n\n\n\n<li>Die postpartale Zeit<\/li>\n\n\n\n<li>Stressbew\u00e4ltigung<\/li>\n\n\n\n<li>K\u00f6rper und Gebet<\/li>\n<\/ul>\n\n\n\n<p>Ich bin jedoch offen und sehr interessiert, meine Inhalte an Deine Bed\u00fcrfnisse bzw. der Bed\u00fcrfnisse deiner Gruppe\/Gemeinde anzupassen und kann ein Workshop entwickeln f\u00fcr das, was Ihr gerade braucht. Verz\u00f6gert nicht, mich anzufragen!<\/p>\n\n\n\n<div class=\"wp-block-buttons is-content-justification-center is-layout-flex wp-container-core-buttons-is-layout-a89b3969 wp-block-buttons-is-layout-flex\">\n<div class=\"wp-block-button\"><a class=\"wp-block-button__link wp-element-button\" href=\"https:\/\/nas.juliahardmeier.com\/?page_id=19\" target=\"_blank\" rel=\"noreferrer noopener\">Workshop Anfrage<\/a><\/div>\n<\/div>\n","protected":false},"excerpt":{"rendered":"<p>Ich glaube an die Kraft der Gemeinschaft. Wir sind\u00a0eigentlich\u00a0nicht alleine, d.h wir sind nicht dazu geschaffen, alleine zu sein und wir sollten auch nicht versuchen, unser seelisches Wohlergehen alleine zu erreichen. Deshalb biete ich Workshops zu unterschiedlichen Themen an. Folgendes kannst du\/kann deine Gemeinde oder Gruppe von einem Workshop von mir erwarten Momentan arbeite ich<a class=\"more-link\" href=\"https:\/\/juliahardmeier.com\/?page_id=49\">Continue reading <span class=\"screen-reader-text\">&#8220;Workshops&#8221;<\/span><\/a><\/p>\n","protected":false},"author":1,"featured_media":0,"parent":0,"menu_order":0,"comment_status":"closed","ping_status":"closed","template":"","meta":{"footnotes":""},"class_list":["post-49","page","type-page","status-publish","hentry","entry"],"_links":{"self":[{"href":"https:\/\/juliahardmeier.com\/index.php?rest_route=\/wp\/v2\/pages\/49","targetHints":{"allow":["GET"]}}],"collection":[{"href":"https:\/\/juliahardmeier.com\/index.php?rest_route=\/wp\/v2\/pages"}],"about":[{"href":"https:\/\/juliahardmeier.com\/index.php?rest_route=\/wp\/v2\/types\/page"}],"author":[{"embeddable":true,"href":"https:\/\/juliahardmeier.com\/index.php?rest_route=\/wp\/v2\/users\/1"}],"replies":[{"embeddable":true,"href":"https:\/\/juliahardmeier.com\/index.php?rest_route=%2Fwp%2Fv2%2Fcomments&post=49"}],"version-history":[{"count":4,"href":"https:\/\/juliahardmeier.com\/index.php?rest_route=\/wp\/v2\/pages\/49\/revisions"}],"predecessor-version":[{"id":85,"href":"https:\/\/juliahardmeier.com\/index.php?rest_route=\/wp\/v2\/pages\/49\/revisions\/85"}],"wp:attachment":[{"href":"https:\/\/juliahardmeier.com\/index.php?rest_route=%2Fwp%2Fv2%2Fmedia&parent=49"}],"curies":[{"name":"wp","href":"https:\/\/api.w.org\/{rel}","templated":true}]}}